{"id":3145,"date":"2023-05-16T18:37:01","date_gmt":"2023-05-16T16:37:01","guid":{"rendered":"https:\/\/casatilaboratory.it\/?page_id=3145"},"modified":"2026-03-31T13:36:14","modified_gmt":"2026-03-31T11:36:14","slug":"filosofia-del-brand-casati","status":"publish","type":"page","link":"https:\/\/casatilaboratory.it\/it\/filosofia-del-brand-casati\/","title":{"rendered":"Filosofia del brand Casati"},"content":{"rendered":"\t\t<div data-elementor-type=\"wp-page\" data-elementor-id=\"3145\" class=\"elementor elementor-3145\" data-elementor-post-type=\"page\">\n\t\t\t\t\t\t<section class=\"elementor-section elementor-top-section elementor-element elementor-element-bd0f318 elementor-section-full_width elementor-section-height-default elementor-section-height-default\" data-id=\"bd0f318\" data-element_type=\"section\" data-e-type=\"section\">\n\t\t\t\t\t\t<div class=\"elementor-container elementor-column-gap-default\">\n\t\t\t\t\t<div class=\"elementor-column elementor-col-100 elementor-top-column elementor-element elementor-element-c2c224a\" data-id=\"c2c224a\" data-element_type=\"column\" data-e-type=\"column\">\n\t\t\t<div class=\"elementor-widget-wrap elementor-element-populated\">\n\t\t\t\t\t\t<div class=\"elementor-element elementor-element-aea0c3a elementor-widget elementor-widget-qi_addons_for_elementor_image_slider\" data-id=\"aea0c3a\" data-element_type=\"widget\" data-e-type=\"widget\" data-widget_type=\"qi_addons_for_elementor_image_slider.default\">\n\t\t\t\t<div class=\"elementor-widget-container\">\n\t\t\t\t\t<div class=\"qodef-shortcode qodef-m qodef-qi-image-slider qodef-image--hover-zoom qodef-image--hover-from-bottom qodef-col-num--4 qodef-qi-grid qodef-qi-swiper-container\" data-options=\"{&quot;direction&quot;:&quot;horizontal&quot;,&quot;slidesPerView&quot;:&quot;4&quot;,&quot;spaceBetween&quot;:30,&quot;spaceBetweenTablet&quot;:30,&quot;spaceBetweenMobile&quot;:30,&quot;effect&quot;:&quot;&quot;,&quot;loop&quot;:true,&quot;autoplay&quot;:true,&quot;centeredSlides&quot;:true,&quot;speed&quot;:&quot;&quot;,&quot;speedAnimation&quot;:&quot;&quot;,&quot;outsideNavigation&quot;:&quot;no&quot;,&quot;outsidePagination&quot;:&quot;no&quot;,&quot;unique&quot;:500,&quot;partialValue&quot;:0.5,&quot;disablePartialValue&quot;:&quot;&quot;,&quot;parallax&quot;:&quot;no&quot;}\">\n\t<div class=\"swiper-wrapper\">\n\t\t<div class=\"qodef-e swiper-slide\">\n\t<div class=\"qodef-e-inner\">\n\t\t<div class=\"qodef-e-inner-holder\">\n\t\t\t\t\t\t\t<img loading=\"lazy\" decoding=\"async\" width=\"600\" height=\"1067\" src=\"https:\/\/casatilaboratory.it\/wp-content\/uploads\/2023\/10\/Spegni-candela.gif\" class=\"attachment-full size-full\" alt=\"\" \/>\t\t\t\t\t<\/div>\n\t<\/div>\n\t<\/div>\n<div class=\"qodef-e swiper-slide\">\n\t<div class=\"qodef-e-inner\">\n\t\t<div class=\"qodef-e-inner-holder\">\n\t\t\t\t\t\t\t<img loading=\"lazy\" decoding=\"async\" width=\"1000\" height=\"1500\" src=\"https:\/\/casatilaboratory.it\/wp-content\/uploads\/2024\/04\/sculpt.jpg\" class=\"attachment-full size-full\" alt=\"\" srcset=\"https:\/\/casatilaboratory.it\/wp-content\/uploads\/2024\/04\/sculpt.jpg 1000w, https:\/\/casatilaboratory.it\/wp-content\/uploads\/2024\/04\/sculpt-600x900.jpg 600w, https:\/\/casatilaboratory.it\/wp-content\/uploads\/2024\/04\/sculpt-200x300.jpg 200w, https:\/\/casatilaboratory.it\/wp-content\/uploads\/2024\/04\/sculpt-683x1024.jpg 683w, https:\/\/casatilaboratory.it\/wp-content\/uploads\/2024\/04\/sculpt-768x1152.jpg 768w, https:\/\/casatilaboratory.it\/wp-content\/uploads\/2024\/04\/sculpt-8x12.jpg 8w\" sizes=\"auto, (max-width: 1000px) 100vw, 1000px\" \/>\t\t\t\t\t<\/div>\n\t<\/div>\n\t<\/div>\n<div class=\"qodef-e swiper-slide\">\n\t<div class=\"qodef-e-inner\">\n\t\t<div class=\"qodef-e-inner-holder\">\n\t\t\t\t\t\t\t<img loading=\"lazy\" decoding=\"async\" width=\"1000\" height=\"1500\" src=\"https:\/\/casatilaboratory.it\/wp-content\/uploads\/2024\/04\/casati-int.jpg\" class=\"attachment-full size-full\" alt=\"\" srcset=\"https:\/\/casatilaboratory.it\/wp-content\/uploads\/2024\/04\/casati-int.jpg 1000w, https:\/\/casatilaboratory.it\/wp-content\/uploads\/2024\/04\/casati-int-600x900.jpg 600w, https:\/\/casatilaboratory.it\/wp-content\/uploads\/2024\/04\/casati-int-200x300.jpg 200w, https:\/\/casatilaboratory.it\/wp-content\/uploads\/2024\/04\/casati-int-683x1024.jpg 683w, https:\/\/casatilaboratory.it\/wp-content\/uploads\/2024\/04\/casati-int-768x1152.jpg 768w, https:\/\/casatilaboratory.it\/wp-content\/uploads\/2024\/04\/casati-int-8x12.jpg 8w\" sizes=\"auto, (max-width: 1000px) 100vw, 1000px\" \/>\t\t\t\t\t<\/div>\n\t<\/div>\n\t<\/div>\n<div class=\"qodef-e swiper-slide\">\n\t<div class=\"qodef-e-inner\">\n\t\t<div class=\"qodef-e-inner-holder\">\n\t\t\t\t\t\t\t<img loading=\"lazy\" decoding=\"async\" width=\"1000\" height=\"1500\" src=\"https:\/\/casatilaboratory.it\/wp-content\/uploads\/2023\/03\/Casati-Laboratory-3.jpg\" class=\"attachment-full size-full\" alt=\"\" srcset=\"https:\/\/casatilaboratory.it\/wp-content\/uploads\/2023\/03\/Casati-Laboratory-3.jpg 1000w, https:\/\/casatilaboratory.it\/wp-content\/uploads\/2023\/03\/Casati-Laboratory-3-600x900.jpg 600w, https:\/\/casatilaboratory.it\/wp-content\/uploads\/2023\/03\/Casati-Laboratory-3-200x300.jpg 200w, https:\/\/casatilaboratory.it\/wp-content\/uploads\/2023\/03\/Casati-Laboratory-3-683x1024.jpg 683w, https:\/\/casatilaboratory.it\/wp-content\/uploads\/2023\/03\/Casati-Laboratory-3-768x1152.jpg 768w, https:\/\/casatilaboratory.it\/wp-content\/uploads\/2023\/03\/Casati-Laboratory-3-8x12.jpg 8w\" sizes=\"auto, (max-width: 1000px) 100vw, 1000px\" \/>\t\t\t\t\t<\/div>\n\t<\/div>\n\t<\/div>\n<div class=\"qodef-e swiper-slide\">\n\t<div class=\"qodef-e-inner\">\n\t\t<div class=\"qodef-e-inner-holder\">\n\t\t\t\t\t\t\t<img loading=\"lazy\" decoding=\"async\" width=\"1000\" height=\"1500\" src=\"https:\/\/casatilaboratory.it\/wp-content\/uploads\/2024\/04\/Casati-sculpt.jpg\" class=\"attachment-full size-full\" alt=\"\" srcset=\"https:\/\/casatilaboratory.it\/wp-content\/uploads\/2024\/04\/Casati-sculpt.jpg 1000w, https:\/\/casatilaboratory.it\/wp-content\/uploads\/2024\/04\/Casati-sculpt-600x900.jpg 600w, https:\/\/casatilaboratory.it\/wp-content\/uploads\/2024\/04\/Casati-sculpt-200x300.jpg 200w, https:\/\/casatilaboratory.it\/wp-content\/uploads\/2024\/04\/Casati-sculpt-683x1024.jpg 683w, https:\/\/casatilaboratory.it\/wp-content\/uploads\/2024\/04\/Casati-sculpt-768x1152.jpg 768w, https:\/\/casatilaboratory.it\/wp-content\/uploads\/2024\/04\/Casati-sculpt-8x12.jpg 8w\" sizes=\"auto, (max-width: 1000px) 100vw, 1000px\" \/>\t\t\t\t\t<\/div>\n\t<\/div>\n\t<\/div>\n\t<\/div>\n\t<\/div>\n\t\t\t\t<\/div>\n\t\t\t\t<\/div>\n\t\t\t\t\t<\/div>\n\t\t<\/div>\n\t\t\t\t\t<\/div>\n\t\t<\/section>\n\t\t\t\t<section class=\"elementor-section elementor-top-section elementor-element elementor-element-78dee25 elementor-section-boxed elementor-section-height-default elementor-section-height-default\" data-id=\"78dee25\" data-element_type=\"section\" data-e-type=\"section\">\n\t\t\t\t\t\t<div class=\"elementor-container elementor-column-gap-default\">\n\t\t\t\t\t<div class=\"elementor-column elementor-col-100 elementor-top-column elementor-element elementor-element-8394e17\" data-id=\"8394e17\" data-element_type=\"column\" data-e-type=\"column\">\n\t\t\t<div class=\"elementor-widget-wrap elementor-element-populated\">\n\t\t\t\t\t\t<div class=\"elementor-element elementor-element-f71d37a elementor-widget elementor-widget-heading\" data-id=\"f71d37a\" data-element_type=\"widget\" data-e-type=\"widget\" data-widget_type=\"heading.default\">\n\t\t\t\t<div class=\"elementor-widget-container\">\n\t\t\t\t\t<h1 class=\"elementor-heading-title elementor-size-default\">Filosofia del brand Casati<\/h1>\t\t\t\t<\/div>\n\t\t\t\t<\/div>\n\t\t\t\t<div class=\"elementor-element elementor-element-53b017d text-justify elementor-widget elementor-widget-text-editor\" data-id=\"53b017d\" data-element_type=\"widget\" data-e-type=\"widget\" data-widget_type=\"text-editor.default\">\n\t\t\t\t<div class=\"elementor-widget-container\">\n\t\t\t\t\t\t\t\t\t<p>Casati si costruisce come un sistema coerente di forme, presenze e relazioni.<\/p><p>Ogni creazione nasce da un principio preciso: la forma \u00e8 origine.<br \/><br \/>Il flacone definisce proporzione, materia, equilibrio.<\/p><p>Ogni creazione \u00e8 un\u2019opera, prima ancora di essere un\u2019essenza.<\/p><p>Le essenze si sviluppano in relazione a questa struttura, assumendone il carattere e la direzione.<\/p><p>Ogni elemento esiste all\u2019interno di un insieme, dove nulla \u00e8 decorativo e ogni scelta \u00e8 misurata.<\/p><p>La presenza si estende nello spazio, modificando la percezione e costruendo un\u2019esperienza che si sviluppa nel tempo.<\/p><p>L\u2019intensit\u00e0 \u00e8 controllata, la materia \u00e8 definita, il carattere \u00e8 riconoscibile.<\/p><p>Casati si muove tra proporzione e intuizione.<\/p><p>E in questo equilibrio trova permanenza.<\/p>\t\t\t\t\t\t\t\t<\/div>\n\t\t\t\t<\/div>\n\t\t\t\t<div class=\"elementor-element elementor-element-572032a elementor-widget elementor-widget-image\" data-id=\"572032a\" data-element_type=\"widget\" data-e-type=\"widget\" data-widget_type=\"image.default\">\n\t\t\t\t<div class=\"elementor-widget-container\">\n\t\t\t\t\t\t\t\t\t\t\t\t\t\t\t<img loading=\"lazy\" decoding=\"async\" width=\"1233\" height=\"1600\" src=\"https:\/\/casatilaboratory.it\/wp-content\/uploads\/2026\/03\/Filosofia-Casati.jpg\" class=\"attachment-full size-full wp-image-10564\" alt=\"\" srcset=\"https:\/\/casatilaboratory.it\/wp-content\/uploads\/2026\/03\/Filosofia-Casati.jpg 1233w, https:\/\/casatilaboratory.it\/wp-content\/uploads\/2026\/03\/Filosofia-Casati-231x300.jpg 231w, https:\/\/casatilaboratory.it\/wp-content\/uploads\/2026\/03\/Filosofia-Casati-789x1024.jpg 789w, https:\/\/casatilaboratory.it\/wp-content\/uploads\/2026\/03\/Filosofia-Casati-768x997.jpg 768w, https:\/\/casatilaboratory.it\/wp-content\/uploads\/2026\/03\/Filosofia-Casati-1184x1536.jpg 1184w, https:\/\/casatilaboratory.it\/wp-content\/uploads\/2026\/03\/Filosofia-Casati-9x12.jpg 9w, https:\/\/casatilaboratory.it\/wp-content\/uploads\/2026\/03\/Filosofia-Casati-600x779.jpg 600w\" sizes=\"auto, (max-width: 1233px) 100vw, 1233px\" \/>\t\t\t\t\t\t\t\t\t\t\t\t\t\t\t<\/div>\n\t\t\t\t<\/div>\n\t\t\t\t<div class=\"elementor-element elementor-element-c17b3d1 elementor-widget elementor-widget-heading\" data-id=\"c17b3d1\" data-element_type=\"widget\" data-e-type=\"widget\" data-widget_type=\"heading.default\">\n\t\t\t\t<div class=\"elementor-widget-container\">\n\t\t\t\t\t<h2 class=\"elementor-heading-title elementor-size-default\">Ogni creazione \u00e8 un'opera<\/h2>\t\t\t\t<\/div>\n\t\t\t\t<\/div>\n\t\t\t\t\t<\/div>\n\t\t<\/div>\n\t\t\t\t\t<\/div>\n\t\t<\/section>\n\t\t\t\t<section class=\"elementor-section elementor-top-section elementor-element elementor-element-5c7e14d elementor-hidden-desktop elementor-hidden-tablet elementor-hidden-mobile elementor-section-boxed elementor-section-height-default elementor-section-height-default\" data-id=\"5c7e14d\" data-element_type=\"section\" data-e-type=\"section\">\n\t\t\t\t\t\t<div class=\"elementor-container elementor-column-gap-default\">\n\t\t\t\t\t<div class=\"elementor-column elementor-col-100 elementor-top-column elementor-element elementor-element-e9ab883\" data-id=\"e9ab883\" data-element_type=\"column\" data-e-type=\"column\">\n\t\t\t<div class=\"elementor-widget-wrap elementor-element-populated\">\n\t\t\t\t\t\t<div class=\"elementor-element elementor-element-64b683b elementor-widget elementor-widget-heading\" data-id=\"64b683b\" data-element_type=\"widget\" data-e-type=\"widget\" data-widget_type=\"heading.default\">\n\t\t\t\t<div class=\"elementor-widget-container\">\n\t\t\t\t\t<h1 class=\"elementor-heading-title elementor-size-default\">Filosofia del brand Casati<\/h1>\t\t\t\t<\/div>\n\t\t\t\t<\/div>\n\t\t\t\t<div class=\"elementor-element elementor-element-f2cce8e text-justify elementor-widget elementor-widget-text-editor\" data-id=\"f2cce8e\" data-element_type=\"widget\" data-e-type=\"widget\" data-widget_type=\"text-editor.default\">\n\t\t\t\t<div class=\"elementor-widget-container\">\n\t\t\t\t\t\t\t\t\t<p class=\"v1v1msonormal\">&#8220;<i>Coltivare l&#8217;arte<\/i>&#8221; \u00e8 la filosofia che ispira il brand\u00a0<i>Casati<\/i>, con una spinta di innovazione, votata alla unicit\u00e0.<\/p>\t\t\t\t\t\t\t\t<\/div>\n\t\t\t\t<\/div>\n\t\t\t\t<div class=\"elementor-element elementor-element-6af56c4 text-justify elementor-widget elementor-widget-text-editor\" data-id=\"6af56c4\" data-element_type=\"widget\" data-e-type=\"widget\" data-widget_type=\"text-editor.default\">\n\t\t\t\t<div class=\"elementor-widget-container\">\n\t\t\t\t\t\t\t\t\t<p class=\"v1v1msonormal\">Aprendosi ad un dialogo \u00a0tra arte e natura, la collezione Casati \u00e8 un invito a diventare &#8220;collezionisti&#8221; di arte contemporanea. La scelta di utilizzare l&#8217;olio d&#8217;oliva e oli essenziali in purezza riflette la visione di un nuovo Rinascimento green.<\/p>\t\t\t\t\t\t\t\t<\/div>\n\t\t\t\t<\/div>\n\t\t\t\t<section class=\"elementor-section elementor-inner-section elementor-element elementor-element-a79c5fe elementor-section-boxed elementor-section-height-default elementor-section-height-default\" data-id=\"a79c5fe\" data-element_type=\"section\" data-e-type=\"section\">\n\t\t\t\t\t\t<div class=\"elementor-container elementor-column-gap-default\">\n\t\t\t\t\t<div class=\"elementor-column elementor-col-100 elementor-inner-column elementor-element elementor-element-20c8941\" data-id=\"20c8941\" data-element_type=\"column\" data-e-type=\"column\">\n\t\t\t<div class=\"elementor-widget-wrap elementor-element-populated\">\n\t\t\t\t\t\t<div class=\"elementor-element elementor-element-a1a301a elementor-widget__width-initial elementor-widget-tablet__width-initial elementor-widget elementor-widget-video\" data-id=\"a1a301a\" data-element_type=\"widget\" data-e-type=\"widget\" data-settings=\"{&quot;video_type&quot;:&quot;hosted&quot;,&quot;autoplay&quot;:&quot;yes&quot;,&quot;play_on_mobile&quot;:&quot;yes&quot;,&quot;mute&quot;:&quot;yes&quot;,&quot;loop&quot;:&quot;yes&quot;,&quot;controls&quot;:&quot;yes&quot;}\" data-widget_type=\"video.default\">\n\t\t\t\t<div class=\"elementor-widget-container\">\n\t\t\t\t\t\t\t<div class=\"e-hosted-video elementor-wrapper elementor-open-inline\">\n\t\t\t\t\t<video class=\"elementor-video\" src=\"https:\/\/casatilaboratory.it\/wp-content\/uploads\/2025\/02\/Candele-Casati.mp4\" autoplay=\"\" loop=\"\" controls=\"\" muted=\"muted\" playsinline=\"\" controlsList=\"nodownload\"><\/video>\n\t\t\t\t<\/div>\n\t\t\t\t\t\t<\/div>\n\t\t\t\t<\/div>\n\t\t\t\t<div class=\"elementor-element elementor-element-4627fb8 text-justify elementor-widget elementor-widget-text-editor\" data-id=\"4627fb8\" data-element_type=\"widget\" data-e-type=\"widget\" data-widget_type=\"text-editor.default\">\n\t\t\t\t<div class=\"elementor-widget-container\">\n\t\t\t\t\t\t\t\t\t<p>Abbandonando la poetica legata alla personalit\u00e0 di un singolo creatore, Casati si affida a un \u201cnastro dei sogni\u201d che naviga tra natura e arte alla ricerca di essenze \u201ccolte\u201d, attingendo allo spirito superiore della coscienza collettiva. Come un committente rinascimentale, ogni creazione esalta lo spirito del \u201csaper fare\u201d italiano, alla ricerca di storie di autenticit\u00e0.<\/p><p>Made in Italy per il life style, Casati si distingue per il suo approccio visionario in cui, la maestria artigianale si fonde con l\u2019arte contemporanea.<\/p>\t\t\t\t\t\t\t\t<\/div>\n\t\t\t\t<\/div>\n\t\t\t\t\t<\/div>\n\t\t<\/div>\n\t\t\t\t\t<\/div>\n\t\t<\/section>\n\t\t\t\t\t<\/div>\n\t\t<\/div>\n\t\t\t\t\t<\/div>\n\t\t<\/section>\n\t\t\t\t<\/div>\n\t\t","protected":false},"excerpt":{"rendered":"<p>Filosofia del brand Casati Casati si costruisce come un sistema coerente di forme, presenze e relazioni. Ogni creazione nasce da un principio preciso: la forma \u00e8 origine. Il flacone definisce proporzione, materia, equilibrio. Ogni creazione \u00e8 un\u2019opera, prima ancora di essere un\u2019essenza. Le essenze si sviluppano in relazione a questa struttura, assumendone il carattere e [&hellip;]<\/p>\n","protected":false},"author":8,"featured_media":0,"parent":0,"menu_order":0,"comment_status":"closed","ping_status":"closed","template":"","meta":{"_acf_changed":false,"footnotes":""},"class_list":["post-3145","page","type-page","status-publish","hentry"],"acf":[],"_links":{"self":[{"href":"https:\/\/casatilaboratory.it\/it\/wp-json\/wp\/v2\/pages\/3145","targetHints":{"allow":["GET"]}}],"collection":[{"href":"https:\/\/casatilaboratory.it\/it\/wp-json\/wp\/v2\/pages"}],"about":[{"href":"https:\/\/casatilaboratory.it\/it\/wp-json\/wp\/v2\/types\/page"}],"author":[{"embeddable":true,"href":"https:\/\/casatilaboratory.it\/it\/wp-json\/wp\/v2\/users\/8"}],"replies":[{"embeddable":true,"href":"https:\/\/casatilaboratory.it\/it\/wp-json\/wp\/v2\/comments?post=3145"}],"version-history":[{"count":5,"href":"https:\/\/casatilaboratory.it\/it\/wp-json\/wp\/v2\/pages\/3145\/revisions"}],"predecessor-version":[{"id":10567,"href":"https:\/\/casatilaboratory.it\/it\/wp-json\/wp\/v2\/pages\/3145\/revisions\/10567"}],"wp:attachment":[{"href":"https:\/\/casatilaboratory.it\/it\/wp-json\/wp\/v2\/media?parent=3145"}],"curies":[{"name":"wp","href":"https:\/\/api.w.org\/{rel}","templated":true}]}}